{"id":62,"date":"2014-01-22T23:29:31","date_gmt":"2014-01-22T21:29:31","guid":{"rendered":"http:\/\/www.management-benedix.de\/?page_id=62"},"modified":"2020-03-10T11:47:10","modified_gmt":"2020-03-10T09:47:10","slug":"buroorganisation","status":"publish","type":"page","link":"https:\/\/www.management-benedix.de\/?page_id=62","title":{"rendered":"B\u00fcroorganisation"},"content":{"rendered":"<p>Zum Aufgabenbereich der B\u00fcroorganisation z\u00e4hlen:<\/p>\n<ul>\n<li>Erstellung und Bearbeitung der t\u00e4glichen Gesch\u00e4ftspost bis zum Versand<\/li>\n<li>Erfassung, Bearbeitung und Gestaltung von Texten aller Art<\/li>\n<li>Korrektur von Dokumenten aller Art<\/li>\n<li>Ausf\u00fchrung von Druck-, Kopier- und Scanauftr\u00e4gen<\/li>\n<li>Erarbeitung von Vorlagen aller Art in Form von reinen Dokumentvorlagen oder einsatzbereit als Formular<\/li>\n<li>Anfertigung von Diagrammen und Statistiken auf Basis von vorhandenen oder noch zu erfassenden Daten<\/li>\n<li>Erstellung und Gestaltung von Tabellen<\/li>\n<li>Erstellung von Pr\u00e4sentationen f\u00fcr die verschiedensten Anl\u00e4sse<\/li>\n<li>Erstellung und Verwaltung von Datenbanken f\u00fcr verschiedene Zwecke<\/li>\n<li>Unterst\u00fctzung bei der Ausf\u00fcllung verschiedener Formulare<\/li>\n<\/ul>\n<p>Die Ausgabe der Arbeiten erfolgt individuell nach Wunsch. Eine Sicherheitskopie verbleibt im Unternehmen und kann im&nbsp;Bedarfsfall jederzeit abgefordert werden. Die gesetzlichen Aufbewahrungsfristen finden dabei Anwendung.<\/p>\n","protected":false},"excerpt":{"rendered":"<p>Zum Aufgabenbereich der B\u00fcroorganisation z\u00e4hlen: Erstellung und Bearbeitung der t\u00e4glichen Gesch\u00e4ftspost bis zum Versand Erfassung, Bearbeitung und Gestaltung von Texten aller Art Korrektur von Dokumenten aller Art Ausf\u00fchrung von Druck-, Kopier- und Scanauftr\u00e4gen Erarbeitung von Vorlagen aller Art in Form von reinen Dokumentvorlagen oder einsatzbereit als Formular Anfertigung von Diagrammen und Statistiken auf Basis von [&hellip;]<\/p>\n","protected":false},"author":1,"featured_media":0,"parent":38,"menu_order":0,"comment_status":"closed","ping_status":"closed","template":"fullwidth.php","meta":{"footnotes":""},"class_list":["post-62","page","type-page","status-publish","hentry"],"_links":{"self":[{"href":"https:\/\/www.management-benedix.de\/index.php?rest_route=\/wp\/v2\/pages\/62","targetHints":{"allow":["GET"]}}],"collection":[{"href":"https:\/\/www.management-benedix.de\/index.php?rest_route=\/wp\/v2\/pages"}],"about":[{"href":"https:\/\/www.management-benedix.de\/index.php?rest_route=\/wp\/v2\/types\/page"}],"author":[{"embeddable":true,"href":"https:\/\/www.management-benedix.de\/index.php?rest_route=\/wp\/v2\/users\/1"}],"replies":[{"embeddable":true,"href":"https:\/\/www.management-benedix.de\/index.php?rest_route=%2Fwp%2Fv2%2Fcomments&post=62"}],"version-history":[{"count":14,"href":"https:\/\/www.management-benedix.de\/index.php?rest_route=\/wp\/v2\/pages\/62\/revisions"}],"predecessor-version":[{"id":456,"href":"https:\/\/www.management-benedix.de\/index.php?rest_route=\/wp\/v2\/pages\/62\/revisions\/456"}],"up":[{"embeddable":true,"href":"https:\/\/www.management-benedix.de\/index.php?rest_route=\/wp\/v2\/pages\/38"}],"wp:attachment":[{"href":"https:\/\/www.management-benedix.de\/index.php?rest_route=%2Fwp%2Fv2%2Fmedia&parent=62"}],"curies":[{"name":"wp","href":"https:\/\/api.w.org\/{rel}","templated":true}]}}