{"id":60,"date":"2018-03-21T21:46:05","date_gmt":"2018-03-21T19:46:05","guid":{"rendered":"http:\/\/www.management-benedix.de\/?page_id=60"},"modified":"2020-03-10T11:47:00","modified_gmt":"2020-03-10T09:47:00","slug":"ablageorganisation","status":"publish","type":"page","link":"https:\/\/www.management-benedix.de\/?page_id=60","title":{"rendered":"Ablageorganisation"},"content":{"rendered":"<p>Zur Steigerung der Effizienz, der Erh\u00f6hung der \u00dcbersicht und Verk\u00fcrzung von Zugriffszeiten kann die betriebliche Ablage gepr\u00fcft&nbsp;und ggf. neu strukturiert werden.<\/p>\n<p>Dabei werden vor Ort die erforderlichen Daten aufgenommen und analysiert, um eine bestm\u00f6gliche Optimierung zu erreichen.<\/p>\n<p>Dem Kunden wird damit die M\u00f6glichkeit geben, seine Ablage unter f\u00fcr ihn g\u00fcnstigen Gesichtspunkten so zu strukturieren, dass&nbsp;ein Vorgang auf Anhieb im dazugeh\u00f6rigen Ordner gefunden werden kann.<\/p>\n","protected":false},"excerpt":{"rendered":"<p>Zur Steigerung der Effizienz, der Erh\u00f6hung der \u00dcbersicht und Verk\u00fcrzung von Zugriffszeiten kann die betriebliche Ablage gepr\u00fcft&nbsp;und ggf. neu strukturiert werden. Dabei werden vor Ort die erforderlichen Daten aufgenommen und analysiert, um eine bestm\u00f6gliche Optimierung zu erreichen. Dem Kunden wird damit die M\u00f6glichkeit geben, seine Ablage unter f\u00fcr ihn g\u00fcnstigen Gesichtspunkten so zu strukturieren, dass&nbsp;ein [&hellip;]<\/p>\n","protected":false},"author":1,"featured_media":0,"parent":38,"menu_order":0,"comment_status":"closed","ping_status":"closed","template":"fullwidth.php","meta":{"footnotes":""},"class_list":["post-60","page","type-page","status-publish","hentry"],"_links":{"self":[{"href":"https:\/\/www.management-benedix.de\/index.php?rest_route=\/wp\/v2\/pages\/60","targetHints":{"allow":["GET"]}}],"collection":[{"href":"https:\/\/www.management-benedix.de\/index.php?rest_route=\/wp\/v2\/pages"}],"about":[{"href":"https:\/\/www.management-benedix.de\/index.php?rest_route=\/wp\/v2\/types\/page"}],"author":[{"embeddable":true,"href":"https:\/\/www.management-benedix.de\/index.php?rest_route=\/wp\/v2\/users\/1"}],"replies":[{"embeddable":true,"href":"https:\/\/www.management-benedix.de\/index.php?rest_route=%2Fwp%2Fv2%2Fcomments&post=60"}],"version-history":[{"count":15,"href":"https:\/\/www.management-benedix.de\/index.php?rest_route=\/wp\/v2\/pages\/60\/revisions"}],"predecessor-version":[{"id":455,"href":"https:\/\/www.management-benedix.de\/index.php?rest_route=\/wp\/v2\/pages\/60\/revisions\/455"}],"up":[{"embeddable":true,"href":"https:\/\/www.management-benedix.de\/index.php?rest_route=\/wp\/v2\/pages\/38"}],"wp:attachment":[{"href":"https:\/\/www.management-benedix.de\/index.php?rest_route=%2Fwp%2Fv2%2Fmedia&parent=60"}],"curies":[{"name":"wp","href":"https:\/\/api.w.org\/{rel}","templated":true}]}}