{"id":40,"date":"2013-05-15T09:05:58","date_gmt":"2013-05-15T07:05:58","guid":{"rendered":"http:\/\/www.management-benedix.de\/?page_id=40"},"modified":"2022-12-12T21:21:10","modified_gmt":"2022-12-12T20:21:10","slug":"buchhaltung","status":"publish","type":"page","link":"https:\/\/www.management-benedix.de\/?page_id=40","title":{"rendered":"Finanzbuchhaltung"},"content":{"rendered":"<p>Wir bieten Ihnen die Unterst\u00fctzung bei der betrieblichen Buchhaltung an. Gemeinsam wird nach Aufwand und Umfang\u00a0die g\u00fcnstigste Variante f\u00fcr Sie erarbeitet.<\/p>\n<p>Aufgabenbereiche sind<\/p>\n<ul>\n<li>Buchung der laufenden Gesch\u00e4ftsvorf\u00e4lle<\/li>\n<li>Ausgabe der Buchungsdaten zur weiteren Bearbeitung der Steuererkl\u00e4rungen durch Ihren Steuerberater<\/li>\n<\/ul>\n<p>Die Buchf\u00fchrung erfolgt nach Ma\u00dfgabe des \u00a7 6 StBerG ohne Rechts- und Steuerberatung.<\/p>\n","protected":false},"excerpt":{"rendered":"<p>Wir bieten Ihnen die Unterst\u00fctzung bei der betrieblichen Buchhaltung an. Gemeinsam wird nach Aufwand und Umfang\u00a0die g\u00fcnstigste Variante f\u00fcr Sie erarbeitet. Aufgabenbereiche sind Buchung der laufenden Gesch\u00e4ftsvorf\u00e4lle Ausgabe der Buchungsdaten zur weiteren Bearbeitung der Steuererkl\u00e4rungen durch Ihren Steuerberater Die Buchf\u00fchrung erfolgt nach Ma\u00dfgabe des \u00a7 6 StBerG ohne Rechts- und Steuerberatung.<\/p>\n","protected":false},"author":1,"featured_media":0,"parent":38,"menu_order":0,"comment_status":"closed","ping_status":"closed","template":"fullwidth.php","meta":{"footnotes":""},"class_list":["post-40","page","type-page","status-publish","hentry"],"_links":{"self":[{"href":"https:\/\/www.management-benedix.de\/index.php?rest_route=\/wp\/v2\/pages\/40","targetHints":{"allow":["GET"]}}],"collection":[{"href":"https:\/\/www.management-benedix.de\/index.php?rest_route=\/wp\/v2\/pages"}],"about":[{"href":"https:\/\/www.management-benedix.de\/index.php?rest_route=\/wp\/v2\/types\/page"}],"author":[{"embeddable":true,"href":"https:\/\/www.management-benedix.de\/index.php?rest_route=\/wp\/v2\/users\/1"}],"replies":[{"embeddable":true,"href":"https:\/\/www.management-benedix.de\/index.php?rest_route=%2Fwp%2Fv2%2Fcomments&post=40"}],"version-history":[{"count":10,"href":"https:\/\/www.management-benedix.de\/index.php?rest_route=\/wp\/v2\/pages\/40\/revisions"}],"predecessor-version":[{"id":499,"href":"https:\/\/www.management-benedix.de\/index.php?rest_route=\/wp\/v2\/pages\/40\/revisions\/499"}],"up":[{"embeddable":true,"href":"https:\/\/www.management-benedix.de\/index.php?rest_route=\/wp\/v2\/pages\/38"}],"wp:attachment":[{"href":"https:\/\/www.management-benedix.de\/index.php?rest_route=%2Fwp%2Fv2%2Fmedia&parent=40"}],"curies":[{"name":"wp","href":"https:\/\/api.w.org\/{rel}","templated":true}]}}