{"id":38,"date":"2013-05-15T09:05:29","date_gmt":"2013-05-15T07:05:29","guid":{"rendered":"http:\/\/www.management-benedix.de\/?page_id=38"},"modified":"2020-03-10T11:45:27","modified_gmt":"2020-03-10T09:45:27","slug":"angebot","status":"publish","type":"page","link":"https:\/\/www.management-benedix.de\/?page_id=38","title":{"rendered":"Angebot"},"content":{"rendered":"<p><b>Allgemeine Informationen zu den Angeboten<\/b><\/p>\n<p>Das Angebot richtet sich an Selbst\u00e4ndige, Freiberufler, Kleinunternehmen sowie Firmen, die zu besonderen Zeiten einen erh\u00f6hten Arbeitsaufwand bew\u00e4ltigen m\u00fcssen. Ebenfalls sind Privatleute angesprochen, die Interesse und Bedarf an der Erledigung ihrer Privatkorrespondenz durch fachkundiges Personal haben.<\/p>\n<p>\u00dcber das Angebot im Einzelnen k\u00f6nnen Sie sich auf den nachfolgenden Seiten ausf\u00fchrlich informieren. Zum Einsatz kommt modernste B\u00fcrosoftware (Microsoft Office 2016, Lexware B\u00fcroservice komplett 2018, Collmex).<\/p>\n<p>Ihre Vorlagen k\u00f6nnen als handschriftliches Manuskript, vorgefertiges Schreiben (per Mail oder CD) oder Stichpunktliste zur Bearbeitung \u00fcbergeben werden.<\/p>\n<p>F\u00fcr weitergehende Fragen zu unserem Angebot k\u00f6nnen Sie jederzeit Kontakt mit uns aufnehmen.<\/p>\n","protected":false},"excerpt":{"rendered":"<p>Allgemeine Informationen zu den Angeboten Das Angebot richtet sich an Selbst\u00e4ndige, Freiberufler, Kleinunternehmen sowie Firmen, die zu besonderen Zeiten einen erh\u00f6hten Arbeitsaufwand bew\u00e4ltigen m\u00fcssen. Ebenfalls sind Privatleute angesprochen, die Interesse und Bedarf an der Erledigung ihrer Privatkorrespondenz durch fachkundiges Personal haben. \u00dcber das Angebot im Einzelnen k\u00f6nnen Sie sich auf den nachfolgenden Seiten ausf\u00fchrlich informieren. [&hellip;]<\/p>\n","protected":false},"author":1,"featured_media":0,"parent":0,"menu_order":2,"comment_status":"closed","ping_status":"closed","template":"fullwidth.php","meta":{"footnotes":""},"class_list":["post-38","page","type-page","status-publish","hentry"],"_links":{"self":[{"href":"https:\/\/www.management-benedix.de\/index.php?rest_route=\/wp\/v2\/pages\/38","targetHints":{"allow":["GET"]}}],"collection":[{"href":"https:\/\/www.management-benedix.de\/index.php?rest_route=\/wp\/v2\/pages"}],"about":[{"href":"https:\/\/www.management-benedix.de\/index.php?rest_route=\/wp\/v2\/types\/page"}],"author":[{"embeddable":true,"href":"https:\/\/www.management-benedix.de\/index.php?rest_route=\/wp\/v2\/users\/1"}],"replies":[{"embeddable":true,"href":"https:\/\/www.management-benedix.de\/index.php?rest_route=%2Fwp%2Fv2%2Fcomments&post=38"}],"version-history":[{"count":3,"href":"https:\/\/www.management-benedix.de\/index.php?rest_route=\/wp\/v2\/pages\/38\/revisions"}],"predecessor-version":[{"id":400,"href":"https:\/\/www.management-benedix.de\/index.php?rest_route=\/wp\/v2\/pages\/38\/revisions\/400"}],"wp:attachment":[{"href":"https:\/\/www.management-benedix.de\/index.php?rest_route=%2Fwp%2Fv2%2Fmedia&parent=38"}],"curies":[{"name":"wp","href":"https:\/\/api.w.org\/{rel}","templated":true}]}}